{"id":44,"date":"2023-03-29T09:24:43","date_gmt":"2023-03-29T08:24:43","guid":{"rendered":"https:\/\/www.nachsuchenring-sued-west.de\/?page_id=44"},"modified":"2025-09-30T18:52:18","modified_gmt":"2025-09-30T16:52:18","slug":"anschussseminare","status":"publish","type":"page","link":"https:\/\/www.nachsuchenring-sued-west.de\/?page_id=44","title":{"rendered":"Anschu\u00dfseminare"},"content":{"rendered":"\n<h2 class=\"wp-block-heading\">Fortbildung f\u00fcr J\u00e4ger<\/h2>\n\n\n\n<ul class=\"wp-block-list\">\n<li>Angesprochen werden Jungj\u00e4gerkurse, J\u00e4gergruppen und interessierte Hundef\u00fchrer.<\/li>\n\n\n\n<li>Der Unterricht erfolgt durch erfahrene Schwei\u00dfhundef\u00fchrer unseres Teams.<\/li>\n\n\n\n<li>Im Rahmen unserer Anschu\u00dfseminare lernen die Teilnehmer Ansch\u00fcsse aufzufinden, Pirschzeichen zu interpretieren und von daher die richtigen Entscheidungen zu treffen.<\/li>\n\n\n\n<li>Auch das korrekte Verhalten vor, w\u00e4hrend und nach dem Schuss ist wesentlicher Bestandteil des Kurses.<\/li>\n\n\n\n<li>Bei Interesse an einem Anschu\u00dfseminar kontaktieren Sie bitte einen der <a href=\"https:\/\/www.nachsuchenring-sued-west.de\/?page_id=34\" data-type=\"page\" data-id=\"34\">Hundef\u00fchrer<\/a>.<\/li>\n<\/ul>\n\n\n\n<h2 class=\"wp-block-heading\"><strong>Anschuss-Seminar mit dem Hegering 2 \u2013 Neunkirchen<\/strong><\/h2>\n\n\n\n<p>Am Samstag den 13. September folgten zwanzig J\u00e4gerinnen und J\u00e4ger der Einladung des Hegeringleiters Michael Fatscher zu einem gemeinsamen Anschuss \u2013 Seminar in der Kleberbach.<\/p>\n\n\n\n<p>Organisiert wurde das rund zweieinhalb st\u00fcndige Seminar von <strong>Carsten Federspiel<\/strong>, aktiver Schwei\u00dfhundf\u00fchrer des Verein Hirschmann und Mitglied im Nachsuchenring \u2013 Saar.&nbsp; Nach einem Theorieteil in der dortigen Jagdh\u00fctte begaben sich die J\u00e4ger\/-innen zu den vorbereiteten Anschussbereichen. Hier wurde mit Hilfe von einem beschossenen St\u00fcck Fallwild verschiedene Szenarien wie bspw. Laufschuss, Waidwundschuss, Gebr\u00e4chschuss, etc. nachgestellt. Die Teilnehmer lernten, wie man einen Anschussbereich aufsucht und vorhandene Pirschzeichen erkennt und richtig deutet.<\/p>\n\n\n\n<div class=\"wp-block-group\">\n  <div class=\"custom-grid\">\n    <div class=\"grid-item tall\">\n      <img decoding=\"async\" src=\"https:\/\/www.nachsuchenring-sued-west.de\/wp-content\/uploads\/2025\/09\/Seminar1.jpg\" alt=\"\"\/>\n    <\/div>\n    <div class=\"grid-item tall\">\n      <img decoding=\"async\" src=\"https:\/\/www.nachsuchenring-sued-west.de\/wp-content\/uploads\/2025\/09\/Seminar4.jpg\" alt=\"\"\/>\n    <\/div>\n    <div class=\"grid-item wide\">\n      <img decoding=\"async\" src=\"https:\/\/www.nachsuchenring-sued-west.de\/wp-content\/uploads\/2025\/09\/Seminar2.jpg\" alt=\"\"\/>\n    <\/div>\n    <div class=\"grid-item wide\">\n      <img decoding=\"async\" src=\"https:\/\/www.nachsuchenring-sued-west.de\/wp-content\/uploads\/2025\/09\/Seminar3.jpg\" alt=\"\"\/>\n    <\/div>\n  <\/div>\n<\/div>\n\n\n\n<p><\/p>\n","protected":false},"excerpt":{"rendered":"<p>Fortbildung f\u00fcr J\u00e4ger Anschuss-Seminar mit dem Hegering 2 \u2013 Neunkirchen Am Samstag den 13. September folgten zwanzig J\u00e4gerinnen und J\u00e4ger der Einladung des Hegeringleiters Michael Fatscher zu einem gemeinsamen Anschuss \u2013 Seminar in der Kleberbach. Organisiert wurde das rund zweieinhalb st\u00fcndige Seminar von Carsten Federspiel, aktiver Schwei\u00dfhundf\u00fchrer des Verein Hirschmann und Mitglied im Nachsuchenring \u2013 [&hellip;]<\/p>\n","protected":false},"author":1,"featured_media":0,"parent":0,"menu_order":6,"comment_status":"closed","ping_status":"closed","template":"","meta":{"footnotes":""},"class_list":["post-44","page","type-page","status-publish","hentry"],"_links":{"self":[{"href":"https:\/\/www.nachsuchenring-sued-west.de\/index.php?rest_route=\/wp\/v2\/pages\/44","targetHints":{"allow":["GET"]}}],"collection":[{"href":"https:\/\/www.nachsuchenring-sued-west.de\/index.php?rest_route=\/wp\/v2\/pages"}],"about":[{"href":"https:\/\/www.nachsuchenring-sued-west.de\/index.php?rest_route=\/wp\/v2\/types\/page"}],"author":[{"embeddable":true,"href":"https:\/\/www.nachsuchenring-sued-west.de\/index.php?rest_route=\/wp\/v2\/users\/1"}],"replies":[{"embeddable":true,"href":"https:\/\/www.nachsuchenring-sued-west.de\/index.php?rest_route=%2Fwp%2Fv2%2Fcomments&post=44"}],"version-history":[{"count":35,"href":"https:\/\/www.nachsuchenring-sued-west.de\/index.php?rest_route=\/wp\/v2\/pages\/44\/revisions"}],"predecessor-version":[{"id":388,"href":"https:\/\/www.nachsuchenring-sued-west.de\/index.php?rest_route=\/wp\/v2\/pages\/44\/revisions\/388"}],"wp:attachment":[{"href":"https:\/\/www.nachsuchenring-sued-west.de\/index.php?rest_route=%2Fwp%2Fv2%2Fmedia&parent=44"}],"curies":[{"name":"wp","href":"https:\/\/api.w.org\/{rel}","templated":true}]}}