{"id":38,"date":"2023-03-29T09:23:37","date_gmt":"2023-03-29T08:23:37","guid":{"rendered":"https:\/\/www.nachsuchenring-sued-west.de\/?page_id=38"},"modified":"2024-11-10T14:17:20","modified_gmt":"2024-11-10T13:17:20","slug":"unser-anspruch","status":"publish","type":"page","link":"https:\/\/www.nachsuchenring-sued-west.de\/?page_id=38","title":{"rendered":"Unser Anspruch"},"content":{"rendered":"\n<h2 class=\"wp-block-heading has-text-align-left\">&#8230; an die Hundef\u00fchrer:<\/h2>\n\n\n\n<ul class=\"wp-block-list\">\n<li>zeitlich flexibel.<\/li>\n\n\n\n<li>nahezu jederzeit abrufbereit.<\/li>\n\n\n\n<li>Zu jeder Tages- und Nachtzeit mobil oder \u00fcber Festnetz erreichbar zu sein.<\/li>\n\n\n\n<li>Eine \u00fcberdurchschnittliche jagdliche Erfahrung, insbesondere auf dem Gebiet der Nachsuchenarbeit und Hundearbeit, vorweisen zu k\u00f6nnen.<\/li>\n\n\n\n<li>Die Bereitschaft zur st\u00e4ndigen Weiterbildung und zum Austausch an Erfahrungen anzustreben.<\/li>\n\n\n\n<li>Eine hohe k\u00f6rperliche Leistungsf\u00e4higkeit, eine hohe Beharrlichkeit vorzuweisen, z\u00e4h und ausdauernd zu sein, um auch langwierige und anspruchsvolle Nachsuchen erfolgreich zu Ende bringen zu k\u00f6nnen.<\/li>\n\n\n\n<li>Im Besitz der erforderlichen \/ zweckm\u00e4\u00dfigen Ausr\u00fcstung und der pers\u00f6nlichen Schutzausstattung zu sein.<\/li>\n\n\n\n<li>\u00dcber einen g\u00fcltigen Jahresjagdschein zu verf\u00fcgen.<\/li>\n\n\n\n<li>\u00dcber den Nachweis zu verf\u00fcgen, dass im vergangenen Jagdjahr oder im Durchschnitt der drei vergangenen Jagdjahre wenigstens 15 erschwerte Nachsuchen, im Sinne des \u201eVerein Hirschmann\u201c, des \u201eKlub f\u00fcr Bayerische Gebirgsschwei\u00dfhunde 1912\u201c oder des \u201eVerein Dachsbracke\u201c erfolgreich durchgef\u00fchrt worden sind.<\/li>\n<\/ul>\n\n\n\n<p> &nbsp; <\/p>\n\n\n\n<h2 class=\"wp-block-heading has-text-align-left\">&#8230; an unsere Hunde:<\/h2>\n\n\n\n<ul class=\"wp-block-list\">\n<li><strong>Wir lehnen jegliche Schwarzzuchten ab!<\/strong><\/li>\n\n\n\n<li>Unser Ziel sind ruhige, ausgeglichene, arbeitsfreudige, f\u00e4hrtentreue, wildscharfe und hetzfreudige Hunde, die ausreichend schnell, ausdauernd und laut jagen.<\/li>\n\n\n\n<li>Es kommen nur Hunde zum Einsatz, die aus anerkannter jagdlicher Leistungszucht stammen und die entsprechenden, durch den JGHV und\/oder dem internationalen Schwei\u00dfhundeverband anerkannten Ahnentafeln vorweisen k\u00f6nnen.<\/li>\n\n\n\n<li>Bei den Hunden der Rassen \u201eHannoverscher Schwei\u00dfhund\u201c, \u201eBayerischer Gebirgsschwei\u00dfhund\u201c und \u201eAlpenl\u00e4ndische Dachsbracke\u201c ist die Grundvoraussetzung f\u00fcr den Einsatz die bestandene Vorpr\u00fcfung bzw. die Schwei\u00dfhundeeignungspr\u00fcfung.<\/li>\n\n\n\n<li>Eine Hauptpr\u00fcfung ist bei jedem Schwei\u00dfhund anzustreben.<\/li>\n\n\n\n<li>Bei Hunden der sonstigen durch den JGHV anerkannten Rassen gilt die bestandene Verbandsf\u00e4hrtenschuhpr\u00fcfung (VFSPO) und\/oder Verbandsschwei\u00dfpr\u00fcfung (VSwPO) als gleichwertig zur bestandenen Vorpr\u00fcfung bzw. Schwei\u00dfhundeeignungspr\u00fcfung.<\/li>\n\n\n\n<li>Bei diesen Rassen ist das Leistungszeichen \u201eSchwei\u00df\u2013Natur\u201c des JGHV anzustreben.<\/li>\n\n\n\n<li>Unsere Nachsuchenhunde sind allesamt leistungsgepr\u00fcfte Experten der Rassen \u201eBayerischer Gebirgsschwei\u00dfhund\u201c und \u201eHannoverischer Schwei\u00dfhund\u201c.<\/li>\n<\/ul>\n","protected":false},"excerpt":{"rendered":"<p>&#8230; an die Hundef\u00fchrer: &nbsp; &#8230; an unsere Hunde:<\/p>\n","protected":false},"author":1,"featured_media":0,"parent":0,"menu_order":3,"comment_status":"closed","ping_status":"closed","template":"","meta":{"footnotes":""},"class_list":["post-38","page","type-page","status-publish","hentry"],"_links":{"self":[{"href":"https:\/\/www.nachsuchenring-sued-west.de\/index.php?rest_route=\/wp\/v2\/pages\/38","targetHints":{"allow":["GET"]}}],"collection":[{"href":"https:\/\/www.nachsuchenring-sued-west.de\/index.php?rest_route=\/wp\/v2\/pages"}],"about":[{"href":"https:\/\/www.nachsuchenring-sued-west.de\/index.php?rest_route=\/wp\/v2\/types\/page"}],"author":[{"embeddable":true,"href":"https:\/\/www.nachsuchenring-sued-west.de\/index.php?rest_route=\/wp\/v2\/users\/1"}],"replies":[{"embeddable":true,"href":"https:\/\/www.nachsuchenring-sued-west.de\/index.php?rest_route=%2Fwp%2Fv2%2Fcomments&post=38"}],"version-history":[{"count":11,"href":"https:\/\/www.nachsuchenring-sued-west.de\/index.php?rest_route=\/wp\/v2\/pages\/38\/revisions"}],"predecessor-version":[{"id":301,"href":"https:\/\/www.nachsuchenring-sued-west.de\/index.php?rest_route=\/wp\/v2\/pages\/38\/revisions\/301"}],"wp:attachment":[{"href":"https:\/\/www.nachsuchenring-sued-west.de\/index.php?rest_route=%2Fwp%2Fv2%2Fmedia&parent=38"}],"curies":[{"name":"wp","href":"https:\/\/api.w.org\/{rel}","templated":true}]}}