{"id":36,"date":"2023-03-29T09:22:27","date_gmt":"2023-03-29T08:22:27","guid":{"rendered":"https:\/\/www.nachsuchenring-sued-west.de\/?page_id=36"},"modified":"2024-11-10T14:17:20","modified_gmt":"2024-11-10T13:17:20","slug":"philosophie","status":"publish","type":"page","link":"https:\/\/www.nachsuchenring-sued-west.de\/?page_id=36","title":{"rendered":"Philosophie"},"content":{"rendered":"\n<h2 class=\"wp-block-heading\">Unsere Philosophie &#8211; unsere Ziele<\/h2>\n\n\n\n<ul class=\"wp-block-list\">\n<li>Unter dem \u201eNachsuchenring Saar\u201c ist der Schulterschluss von zurzeit sechs professionellen Hundef\u00fchrern und ihren speziell ausgebildeten und gepr\u00fcften Schwei\u00dfhunden und Loshunden zu verstehen. Hundef\u00fchrer, die sich pers\u00f6nlich sehr gut verstehen und sich im Team gegenseitig unterst\u00fctzen und denen jegliches Konkurrenzdenken oder Profilierungsgehabe fern liegt.<\/li>\n\n\n\n<li>Der alte J\u00e4gerspruch \u201eDes J\u00e4gers Ehrenschild\u201c endet mit den Worten &#8222;\u2026den Sch\u00f6pfer im Gesch\u00f6pfe ehrt.\u201c<\/li>\n\n\n\n<li>Diese Worte sind f\u00fcr die Mitglieder des \u201eNachsuchenring Saar\u201c kein Lippenbekenntnis, sondern eine stete Mahnung, im Sinne der Kreatur, im Sinne unseres Wildes zu handeln. Waidgerechtigkeit und angewandter Tierschutz werden von uns als Verpflichtung gesehen.<\/li>\n\n\n\n<li>Absolute Verschwiegenheit ist f\u00fcr uns selbstverst\u00e4ndlich (und steht au\u00dfer Zweifel).<\/li>\n\n\n\n<li>Alle Nachsuchen werden mit gr\u00f6\u00dfter Verschwiegenheit behandelt und keine Fotos ver\u00f6ffentlicht.<\/li>\n\n\n\n<li>Unser Bestreben ist es, f\u00fcr jeden an uns gerichteten Nachsuchenauftrag die Verantwortung zu \u00fcbernehmen, sei es durch die aktive Nachsuche oder die Vermittlung eines anderen Nachsuchengespannes.<\/li>\n\n\n\n<li>Wir wollen als Spezialisten, ausgerichtet auf eine fundierte, zielgerichtete und praxisorientierte Nachsuchenarbeit, die J\u00e4gerschaft und deren Jagdbetrieb zuverl\u00e4ssig unterst\u00fctzt, keinesfalls aber die Jagdhunde anderer Rassen aus den Revieren dr\u00e4ngen.<\/li>\n\n\n\n<li>Erschwerte Nachsuchen wie auch Kontrollsuchen werden ausschlie\u00dflich bei Tageslicht durchgef\u00fchrt.<\/li>\n\n\n\n<li>Eine revierkundige Begleitung ist Bedingung f\u00fcr jede Nachsuche.<\/li>\n\n\n\n<li>Da unsere Hundef\u00fchrer alle im Saarland, zum Teil auch in Rheinland-Pfalz anerkannt sind, k\u00f6nnen wir auch \u201eGrenzf\u00e4lle\u201c, ohne mit dem Gesetz in Konflikt zu kommen, nachsuchen.<\/li>\n<\/ul>\n","protected":false},"excerpt":{"rendered":"<p>Unsere Philosophie &#8211; unsere Ziele<\/p>\n","protected":false},"author":1,"featured_media":246,"parent":0,"menu_order":2,"comment_status":"closed","ping_status":"closed","template":"","meta":{"footnotes":""},"class_list":["post-36","page","type-page","status-publish","has-post-thumbnail","hentry"],"_links":{"self":[{"href":"https:\/\/www.nachsuchenring-sued-west.de\/index.php?rest_route=\/wp\/v2\/pages\/36","targetHints":{"allow":["GET"]}}],"collection":[{"href":"https:\/\/www.nachsuchenring-sued-west.de\/index.php?rest_route=\/wp\/v2\/pages"}],"about":[{"href":"https:\/\/www.nachsuchenring-sued-west.de\/index.php?rest_route=\/wp\/v2\/types\/page"}],"author":[{"embeddable":true,"href":"https:\/\/www.nachsuchenring-sued-west.de\/index.php?rest_route=\/wp\/v2\/users\/1"}],"replies":[{"embeddable":true,"href":"https:\/\/www.nachsuchenring-sued-west.de\/index.php?rest_route=%2Fwp%2Fv2%2Fcomments&post=36"}],"version-history":[{"count":14,"href":"https:\/\/www.nachsuchenring-sued-west.de\/index.php?rest_route=\/wp\/v2\/pages\/36\/revisions"}],"predecessor-version":[{"id":299,"href":"https:\/\/www.nachsuchenring-sued-west.de\/index.php?rest_route=\/wp\/v2\/pages\/36\/revisions\/299"}],"wp:featuredmedia":[{"embeddable":true,"href":"https:\/\/www.nachsuchenring-sued-west.de\/index.php?rest_route=\/wp\/v2\/media\/246"}],"wp:attachment":[{"href":"https:\/\/www.nachsuchenring-sued-west.de\/index.php?rest_route=%2Fwp%2Fv2%2Fmedia&parent=36"}],"curies":[{"name":"wp","href":"https:\/\/api.w.org\/{rel}","templated":true}]}}